{"id":386,"date":"2022-04-27T14:13:05","date_gmt":"2022-04-27T12:13:05","guid":{"rendered":"https:\/\/www.tenniscamino.it\/?page_id=386"},"modified":"2025-06-20T21:48:37","modified_gmt":"2025-06-20T19:48:37","slug":"prenotare-il-campo","status":"publish","type":"page","link":"https:\/\/www.tenniscamino.it\/index.php\/prenotare-il-campo\/","title":{"rendered":"Prenotare il Campo"},"content":{"rendered":"\n<p>Per prenotare il campo del Camino Tennis Club, la cosa pi\u00f9 semplice da fare \u00e8 cliccare sulla piattaforma di prenotazione qui sotto:<\/p>\n\n\n\n<figure class=\"wp-block-image aligncenter size-full\"><a href=\"https:\/\/ctccamino.wansport.com\/\"><img fetchpriority=\"high\" decoding=\"async\" width=\"549\" height=\"370\" src=\"https:\/\/www.tenniscamino.it\/wp-content\/uploads\/2022\/04\/prenotazioni.jpg\" alt=\"\" class=\"wp-image-187\" srcset=\"https:\/\/www.tenniscamino.it\/wp-content\/uploads\/2022\/04\/prenotazioni.jpg 549w, https:\/\/www.tenniscamino.it\/wp-content\/uploads\/2022\/04\/prenotazioni-300x202.jpg 300w\" sizes=\"(max-width: 549px) 100vw, 549px\" \/><\/a><\/figure>\n\n\n\n<p>Per accedere bisogna essere soci del Camino Tennis Club (sarete inseiti automaticamente appena tesserati).<\/p>\n\n\n\n<p>Giunti al portale, bisogma registrarsi utilizzando il proprio numero di telefono e una password di vostra scelta.<\/p>\n\n\n\n<hr class=\"wp-block-separator aligncenter has-alpha-channel-opacity\"\/>\n\n\n\n<p>Per i non soci bisogna telefonare al 339244511.<\/p>\n\n\n\n<hr class=\"wp-block-separator has-alpha-channel-opacity\"\/>\n\n\n<p>Una volta prenotato regolarmente, per accedere al campo servono le chiavi del campo che potrete reperire seguendo il video guida. Il codice vi verr\u00e0 inviato via whatsapp.<\/p>\n<p>Cliccate sul video qui sotto per video guida alle chiavi.<\/p>\n\n\n<figure class=\"wp-block-video\"><video height=\"1080\" style=\"aspect-ratio: 1920 \/ 1080;\" width=\"1920\" controls src=\"https:\/\/www.tenniscamino.it\/wp-content\/uploads\/2025\/06\/Cassetta-chiavi.mp4\"><\/video><\/figure>\n\n\n\n<hr class=\"wp-block-separator has-alpha-channel-opacity\"\/>\n\n\n<p>Per accendere le luci se previste, prendete la chiave nello stesso modo indicato per aprire il campo. (campo e luci sono 2 chiavi legate insieme). Poi seguite le istruzioni cliccando il video qui sotto:<\/p>\n\n\n<figure class=\"wp-block-video\"><video height=\"1080\" style=\"aspect-ratio: 1920 \/ 1080;\" width=\"1920\" controls src=\"https:\/\/www.tenniscamino.it\/wp-content\/uploads\/2025\/06\/quadro-luci.mp4\"><\/video><\/figure>\n\n\n\n<hr class=\"wp-block-separator aligncenter has-alpha-channel-opacity\"\/>\n\n\n\n<p>Per coloro che si sono registrati sul portale, c\u2019\u00e8 la possibilit\u00e0 di caricare un conto crediti che andr\u00e0 automaticamente a scalare prenotazione dopo prenotazione.<\/p>\n\n\n\n<p>Vi consiglio di indicare sempre i nomi di tutti i giocatori in modo che il sistema riesca a calcolare esattamente l\u2019importo di ognuno (tariffe diverse per under e abbonati).<\/p>\n","protected":false},"excerpt":{"rendered":"<p>Per prenotare il campo del Camino Tennis Club, la cosa pi\u00f9 semplice da fare \u00e8 cliccare sulla piattaforma di prenotazione qui sotto: Per accedere bisogna essere soci del Camino Tennis Club (sarete inseiti automaticamente appena tesserati). Giunti al portale, bisogma registrarsi utilizzando il proprio numero di telefono e una password di vostra scelta. Per i [&hellip;]<\/p>\n","protected":false},"author":1,"featured_media":0,"parent":0,"menu_order":0,"comment_status":"closed","ping_status":"closed","template":"","meta":{"site-sidebar-layout":"default","site-content-layout":"","ast-site-content-layout":"default","site-content-style":"default","site-sidebar-style":"default","ast-global-header-display":"","ast-banner-title-visibility":"","ast-main-header-display":"","ast-hfb-above-header-display":"","ast-hfb-below-header-display":"","ast-hfb-mobile-header-display":"","site-post-title":"","ast-breadcrumbs-content":"","ast-featured-img":"","footer-sml-layout":"","ast-disable-related-posts":"","theme-transparent-header-meta":"","adv-header-id-meta":"","stick-header-meta":"","header-above-stick-meta":"","header-main-stick-meta":"","header-below-stick-meta":"","astra-migrate-meta-layouts":"set","ast-page-background-enabled":"default","ast-page-background-meta":{"desktop":{"background-color":"var(--ast-global-color-4)","background-image":"","background-repeat":"repeat","background-position":"center center","background-size":"auto","background-attachment":"scroll","background-type":"","background-media":"","overlay-type":"","overlay-color":"","overlay-opacity":"","overlay-gradient":""},"tablet":{"background-color":"","background-image":"","background-repeat":"repeat","background-position":"center center","background-size":"auto","background-attachment":"scroll","background-type":"","background-media":"","overlay-type":"","overlay-color":"","overlay-opacity":"","overlay-gradient":""},"mobile":{"background-color":"","background-image":"","background-repeat":"repeat","background-position":"center center","background-size":"auto","background-attachment":"scroll","background-type":"","background-media":"","overlay-type":"","overlay-color":"","overlay-opacity":"","overlay-gradient":""}},"ast-content-background-meta":{"desktop":{"background-color":"var(--ast-global-color-5)","background-image":"","background-repeat":"repeat","background-position":"center center","background-size":"auto","background-attachment":"scroll","background-type":"","background-media":"","overlay-type":"","overlay-color":"","overlay-opacity":"","overlay-gradient":""},"tablet":{"background-color":"var(--ast-global-color-5)","background-image":"","background-repeat":"repeat","background-position":"center center","background-size":"auto","background-attachment":"scroll","background-type":"","background-media":"","overlay-type":"","overlay-color":"","overlay-opacity":"","overlay-gradient":""},"mobile":{"background-color":"var(--ast-global-color-5)","background-image":"","background-repeat":"repeat","background-position":"center center","background-size":"auto","background-attachment":"scroll","background-type":"","background-media":"","overlay-type":"","overlay-color":"","overlay-opacity":"","overlay-gradient":""}},"footnotes":""},"class_list":["post-386","page","type-page","status-publish","hentry"],"_links":{"self":[{"href":"https:\/\/www.tenniscamino.it\/index.php\/wp-json\/wp\/v2\/pages\/386","targetHints":{"allow":["GET"]}}],"collection":[{"href":"https:\/\/www.tenniscamino.it\/index.php\/wp-json\/wp\/v2\/pages"}],"about":[{"href":"https:\/\/www.tenniscamino.it\/index.php\/wp-json\/wp\/v2\/types\/page"}],"author":[{"embeddable":true,"href":"https:\/\/www.tenniscamino.it\/index.php\/wp-json\/wp\/v2\/users\/1"}],"replies":[{"embeddable":true,"href":"https:\/\/www.tenniscamino.it\/index.php\/wp-json\/wp\/v2\/comments?post=386"}],"version-history":[{"count":10,"href":"https:\/\/www.tenniscamino.it\/index.php\/wp-json\/wp\/v2\/pages\/386\/revisions"}],"predecessor-version":[{"id":1497,"href":"https:\/\/www.tenniscamino.it\/index.php\/wp-json\/wp\/v2\/pages\/386\/revisions\/1497"}],"wp:attachment":[{"href":"https:\/\/www.tenniscamino.it\/index.php\/wp-json\/wp\/v2\/media?parent=386"}],"curies":[{"name":"wp","href":"https:\/\/api.w.org\/{rel}","templated":true}]}}